{"id":106,"date":"2015-12-27T16:48:39","date_gmt":"2015-12-27T14:48:39","guid":{"rendered":"http:\/\/www.visual-band.de\/wordpress\/?page_id=106"},"modified":"2015-12-27T17:11:08","modified_gmt":"2015-12-27T15:11:08","slug":"andere-leistungen","status":"publish","type":"page","link":"http:\/\/www.visual-band.de\/wordpress\/?page_id=106","title":{"rendered":"Weiteres"},"content":{"rendered":"<p style=\"text-align: center;\"><strong>Zus\u00e4tzliche Leistungen:<\/strong><\/p>\n<p>\u00a0<strong>Bandfotos \/ K\u00fcnstlerportraits<\/strong>: im Paket mit einem Musikvideo oder einzeln &#8211; einfach nachfragen!<\/p>\n<p><a href=\"http:\/\/www.visual-band.de\/wordpress\/wp-content\/uploads\/2015\/12\/jamin_portr1.jpg\"><img loading=\"lazy\" class=\"alignnone size-medium wp-image-116\" src=\"http:\/\/www.visual-band.de\/wordpress\/wp-content\/uploads\/2015\/12\/jamin_portr1-213x300.jpg\" alt=\"jamin_portr1\" width=\"213\" height=\"300\" srcset=\"http:\/\/www.visual-band.de\/wordpress\/wp-content\/uploads\/2015\/12\/jamin_portr1-213x300.jpg 213w, http:\/\/www.visual-band.de\/wordpress\/wp-content\/uploads\/2015\/12\/jamin_portr1.jpg 246w\" sizes=\"(max-width: 213px) 100vw, 213px\" \/><\/a><a href=\"http:\/\/www.visual-band.de\/wordpress\/wp-content\/uploads\/2015\/12\/skankaroos_live_v2_pdfxa_koeln.jpg\"><img loading=\"lazy\" class=\"alignnone size-medium wp-image-117\" src=\"http:\/\/www.visual-band.de\/wordpress\/wp-content\/uploads\/2015\/12\/skankaroos_live_v2_pdfxa_koeln-212x300.jpg\" alt=\"skankaroos_live_v2_pdfx\" width=\"212\" height=\"300\" srcset=\"http:\/\/www.visual-band.de\/wordpress\/wp-content\/uploads\/2015\/12\/skankaroos_live_v2_pdfxa_koeln-212x300.jpg 212w, http:\/\/www.visual-band.de\/wordpress\/wp-content\/uploads\/2015\/12\/skankaroos_live_v2_pdfxa_koeln.jpg 362w\" sizes=\"(max-width: 212px) 100vw, 212px\" \/><\/a><\/p>\n<p>&nbsp;<\/p>\n<p><strong>Mobile Recording zum g\u00fcnstigen Preis<\/strong>:<\/p>\n<ul>\n<li>&#8211; f\u00fcr Bands oder Solok\u00fcnstler\/Einzelmusiker\/Schlagzeuger<\/li>\n<li>&#8211; bis zu 16 Spuren gleichzeitig<\/li>\n<li>&#8211; hochwertige Mikrofone (Neumann,Sennheiser,Beyer,Shure,AKG,Audio Technica, Electro Voice)<\/li>\n<\/ul>\n<p>&nbsp;<\/p>\n<p>&nbsp;<\/p>\n","protected":false},"excerpt":{"rendered":"<p>Zus\u00e4tzliche Leistungen: \u00a0Bandfotos \/ K\u00fcnstlerportraits: im Paket mit einem Musikvideo oder einzeln &#8211; einfach nachfragen! &nbsp; Mobile Recording zum g\u00fcnstigen Preis: &#8211; f\u00fcr Bands oder Solok\u00fcnstler\/Einzelmusiker\/Schlagzeuger &#8211; bis zu 16 Spuren gleichzeitig &#8211; hochwertige Mikrofone (Neumann,Sennheiser,Beyer,Shure,AKG,Audio Technica, Electro Voice) &nbsp; &nbsp;<\/p>\n","protected":false},"author":1,"featured_media":0,"parent":0,"menu_order":4,"comment_status":"open","ping_status":"open","template":"","meta":[],"_links":{"self":[{"href":"http:\/\/www.visual-band.de\/wordpress\/index.php?rest_route=\/wp\/v2\/pages\/106"}],"collection":[{"href":"http:\/\/www.visual-band.de\/wordpress\/index.php?rest_route=\/wp\/v2\/pages"}],"about":[{"href":"http:\/\/www.visual-band.de\/wordpress\/index.php?rest_route=\/wp\/v2\/types\/page"}],"author":[{"embeddable":true,"href":"http:\/\/www.visual-band.de\/wordpress\/index.php?rest_route=\/wp\/v2\/users\/1"}],"replies":[{"embeddable":true,"href":"http:\/\/www.visual-band.de\/wordpress\/index.php?rest_route=%2Fwp%2Fv2%2Fcomments&post=106"}],"version-history":[{"count":14,"href":"http:\/\/www.visual-band.de\/wordpress\/index.php?rest_route=\/wp\/v2\/pages\/106\/revisions"}],"predecessor-version":[{"id":124,"href":"http:\/\/www.visual-band.de\/wordpress\/index.php?rest_route=\/wp\/v2\/pages\/106\/revisions\/124"}],"wp:attachment":[{"href":"http:\/\/www.visual-band.de\/wordpress\/index.php?rest_route=%2Fwp%2Fv2%2Fmedia&parent=106"}],"curies":[{"name":"wp","href":"https:\/\/api.w.org\/{rel}","templated":true}]}}